{"id":9,"date":"2018-11-04T21:59:50","date_gmt":"2018-11-04T21:59:50","guid":{"rendered":"https:\/\/lht.ee\/?page_id=9"},"modified":"2020-07-25T10:13:38","modified_gmt":"2020-07-25T10:13:38","slug":"tehtud-tood","status":"publish","type":"page","link":"https:\/\/lht.ee\/index.php\/tehtud-tood\/","title":{"rendered":"Tehtud t\u00f6\u00f6d"},"content":{"rendered":"<p><strong>2020<br \/>\n<\/strong><a href=\"https:\/\/lht.ee\/index.php\/kivikatus\/\">Kivikatus<\/a><br \/>\n<a href=\"https:\/\/lht.ee\/index.php\/terrassiukse-paigaldus\/\">Terrassiukse paigaldus<\/a><br \/>\n<a href=\"https:\/\/lht.ee\/index.php\/tammeparketi-paigaldus\/\">Parketi paigaldus<\/a><a href=\"https:\/\/lht.ee\/index.php\/tuulekoda\/\"><br \/>\n<\/a><a href=\"https:\/\/lht.ee\/index.php\/kontori-remont\/\">Kontori remont<\/a><a href=\"https:\/\/lht.ee\/index.php\/tuulekoda\/\"><br \/>\n<\/a>Fassaad<strong><br \/>\n2019<\/strong><br \/>\n<a href=\"https:\/\/lht.ee\/index.php\/tuulekoda\/\">Tuulekoda<\/a><a href=\"https:\/\/lht.ee\/index.php\/tuulekoda\/\"><br \/>\n<\/a><a href=\"https:\/\/lht.ee\/index.php\/keldri-sissekaik\/\">Keldri sissek\u00e4ik<\/a><a href=\"https:\/\/lht.ee\/index.php\/tuulekoda\/\"><br \/>\n<\/a><a href=\"https:\/\/lht.ee\/index.php\/puitaia-ehitus\/\">Aed<\/a><a href=\"https:\/\/lht.ee\/index.php\/puitaia-ehitus\/\"><br \/>\n<\/a><a href=\"https:\/\/lht.ee\/index.php\/akende-ja-uste-paigaldus\/\">Akende ja uste paigaldus<\/a><a href=\"https:\/\/lht.ee\/index.php\/puitaia-ehitus\/\"><br \/>\n<\/a><a href=\"https:\/\/lht.ee\/index.php\/haljastus\/\">Haljastus<\/a><\/p>\n<p><strong>2018<\/strong><br \/>\n<a href=\"https:\/\/lht.ee\/index.php\/kivikatus-vorus\/\">Kivikatus V\u00f5rus<\/a><br \/>\n<a href=\"https:\/\/lht.ee\/index.php\/valisukse-vahetus\/\">V\u00e4lisukse paigaldus<\/a><br \/>\n<a href=\"https:\/\/lht.ee\/index.php\/poranda-valu\/\">P\u00f5randa ehitus<\/a><br \/>\n<a href=\"https:\/\/lht.ee\/index.php\/tsooru-fassaad-ja-katus\/\">Katus, fassaad<\/a><br \/>\n<a href=\"https:\/\/lht.ee\/index.php\/kivikatus-valgamaa\/\">Kivikatus<\/a><br \/>\n<strong>2017<\/strong><br \/>\n<a href=\"https:\/\/lht.ee\/index.php\/korteri-remont\/\">Korteri renoveerimine<\/a><br \/>\n<a href=\"https:\/\/lht.ee\/index.php\/eterniitkatus-420m2-ja-katuseaknad\/\">Eterniitkatus Tartumaal<\/a><br \/>\n<a href=\"https:\/\/lht.ee\/index.php\/classicu-aluse-ehitus\/\">Classicu aluse ehitus<\/a><br \/>\n<a href=\"https:\/\/lht.ee\/index.php\/fassaadi-ja-katuse-ehitus\/\">Fassaadi ja katuse ehitus<\/a><br \/>\n<strong>2016<\/strong><br \/>\n<a href=\"https:\/\/lht.ee\/index.php\/2-korruse-valjaehitus\/\">2. korruse v\u00e4ljaehitus<\/a><br \/>\n<a href=\"https:\/\/lht.ee\/index.php\/eterniitkatus-ja-katuseterrass\/\">Eterniitkatus ja katuseterrass<\/a><br \/>\n<a href=\"https:\/\/lht.ee\/index.php\/fassaadi-ja-sokli-soojustus-konnitee-ehitus\/\">Fassaadi ja sokli soojustus<\/a><br \/>\n<a href=\"https:\/\/lht.ee\/index.php\/lae-ehitus\/\">Lae ehitus<\/a><br \/>\n<a href=\"https:\/\/lht.ee\/index.php\/kivikatuse-ja-fassaadi-ehitus\/\">Kivikatuse ja fassaadi ehitus<\/a><br \/>\n<strong>2015<\/strong><br \/>\n<a href=\"https:\/\/lht.ee\/index.php\/garaazi-fassaadi-korgsurvelaminaat\/\">Garaazi fassaadi k\u00f5rgsurvelaminaalt<\/a><br \/>\n<a href=\"https:\/\/lht.ee\/index.php\/katuseakende-paigaldus-kivikatuse-alus\/\">Katuseakende paigaldus,kivikatuse alus<\/a><br \/>\n<a href=\"https:\/\/lht.ee\/index.php\/terrassi-ehitus\/\">Terrassi ehitus<\/a><br \/>\n<a href=\"https:\/\/lht.ee\/index.php\/fassaadi-soojustus\/\">Fassaadi soojustus<\/a><\/p>\n","protected":false},"excerpt":{"rendered":"<p>2020 Kivikatus Terrassiukse paigaldus Parketi paigaldus Kontori remont Fassaad 2019 Tuulekoda Keldri sissek\u00e4ik Aed Akende ja uste paigaldus Haljastus 2018 Kivikatus V\u00f5rus V\u00e4lisukse paigaldus P\u00f5randa ehitus Katus, fassaad Kivikatus 2017 Korteri renoveerimine Eterniitkatus Tartumaal Classicu aluse ehitus Fassaadi ja katuse ehitus 2016 2. korruse v\u00e4ljaehitus Eterniitkatus ja katuseterrass Fassaadi ja sokli soojustus Lae ehitus Kivikatuse&hellip;<\/p>\n","protected":false},"author":1,"featured_media":0,"parent":0,"menu_order":0,"comment_status":"closed","ping_status":"closed","template":"","meta":{"_monsterinsights_skip_tracking":false,"_monsterinsights_sitenote_active":false,"_monsterinsights_sitenote_note":"","_monsterinsights_sitenote_category":0,"ngg_post_thumbnail":0,"footnotes":""},"class_list":["post-9","page","type-page","status-publish","hentry"],"_links":{"self":[{"href":"https:\/\/lht.ee\/index.php\/wp-json\/wp\/v2\/pages\/9","targetHints":{"allow":["GET"]}}],"collection":[{"href":"https:\/\/lht.ee\/index.php\/wp-json\/wp\/v2\/pages"}],"about":[{"href":"https:\/\/lht.ee\/index.php\/wp-json\/wp\/v2\/types\/page"}],"author":[{"embeddable":true,"href":"https:\/\/lht.ee\/index.php\/wp-json\/wp\/v2\/users\/1"}],"replies":[{"embeddable":true,"href":"https:\/\/lht.ee\/index.php\/wp-json\/wp\/v2\/comments?post=9"}],"version-history":[{"count":5,"href":"https:\/\/lht.ee\/index.php\/wp-json\/wp\/v2\/pages\/9\/revisions"}],"predecessor-version":[{"id":433,"href":"https:\/\/lht.ee\/index.php\/wp-json\/wp\/v2\/pages\/9\/revisions\/433"}],"wp:attachment":[{"href":"https:\/\/lht.ee\/index.php\/wp-json\/wp\/v2\/media?parent=9"}],"curies":[{"name":"wp","href":"https:\/\/api.w.org\/{rel}","templated":true}]}}