{"id":393,"date":"2020-07-25T09:01:40","date_gmt":"2020-07-25T09:01:40","guid":{"rendered":"https:\/\/lht.ee\/?page_id=393"},"modified":"2020-07-25T09:01:40","modified_gmt":"2020-07-25T09:01:40","slug":"keldri-sissekaik","status":"publish","type":"page","link":"https:\/\/lht.ee\/index.php\/keldri-sissekaik\/","title":{"rendered":"Keldri sissek\u00e4ik"},"content":{"rendered":"\n<p>Teostatud t\u00f6\u00f6d<\/p>\n\n\n\n<ol class=\"wp-block-list\"><li>Plokkidest aluse ladumine<\/li><li>Puitkarkass<\/li><li>Akna ja ukse paigaldus<\/li><li>Tuulet\u00f5kke ja distantsi paigaldus<\/li><li>Voodrilaua paigaldus<\/li><li>Katusekatte paigaldus<\/li><\/ol>\n\n\n\n<figure class=\"wp-block-gallery columns-2 is-cropped wp-block-gallery-1 is-layout-flex wp-block-gallery-is-layout-flex\"><ul class=\"blocks-gallery-grid\"><li class=\"blocks-gallery-item\"><figure><img loading=\"lazy\" decoding=\"async\" width=\"768\" height=\"1024\" src=\"https:\/\/lht.ee\/wp-content\/uploads\/2020\/07\/varjualune1-768x1024.jpg\" alt=\"\" data-id=\"394\" data-full-url=\"https:\/\/lht.ee\/wp-content\/uploads\/2020\/07\/varjualune1-scaled.jpg\" data-link=\"https:\/\/lht.ee\/?attachment_id=394\" class=\"wp-image-394\" srcset=\"https:\/\/lht.ee\/wp-content\/uploads\/2020\/07\/varjualune1-768x1024.jpg 768w, https:\/\/lht.ee\/wp-content\/uploads\/2020\/07\/varjualune1-225x300.jpg 225w, https:\/\/lht.ee\/wp-content\/uploads\/2020\/07\/varjualune1-1152x1536.jpg 1152w, https:\/\/lht.ee\/wp-content\/uploads\/2020\/07\/varjualune1-1536x2048.jpg 1536w, https:\/\/lht.ee\/wp-content\/uploads\/2020\/07\/varjualune1-scaled.jpg 1920w\" sizes=\"auto, (max-width: 768px) 100vw, 768px\" \/><\/figure><\/li><li class=\"blocks-gallery-item\"><figure><img decoding=\"async\" src=\"blob:https:\/\/lht.ee\/3eb04966-c87e-4fbd-aa4c-464e6aae23e4\"\/><\/figure><\/li><\/ul><\/figure>\n","protected":false},"excerpt":{"rendered":"<p>Teostatud t\u00f6\u00f6d Plokkidest aluse ladumine Puitkarkass Akna ja ukse paigaldus Tuulet\u00f5kke ja distantsi paigaldus Voodrilaua paigaldus Katusekatte paigaldus<\/p>\n","protected":false},"author":1,"featured_media":0,"parent":0,"menu_order":0,"comment_status":"closed","ping_status":"closed","template":"","meta":{"_monsterinsights_skip_tracking":false,"_monsterinsights_sitenote_active":false,"_monsterinsights_sitenote_note":"","_monsterinsights_sitenote_category":0,"ngg_post_thumbnail":0,"footnotes":""},"class_list":["post-393","page","type-page","status-publish","hentry"],"_links":{"self":[{"href":"https:\/\/lht.ee\/index.php\/wp-json\/wp\/v2\/pages\/393","targetHints":{"allow":["GET"]}}],"collection":[{"href":"https:\/\/lht.ee\/index.php\/wp-json\/wp\/v2\/pages"}],"about":[{"href":"https:\/\/lht.ee\/index.php\/wp-json\/wp\/v2\/types\/page"}],"author":[{"embeddable":true,"href":"https:\/\/lht.ee\/index.php\/wp-json\/wp\/v2\/users\/1"}],"replies":[{"embeddable":true,"href":"https:\/\/lht.ee\/index.php\/wp-json\/wp\/v2\/comments?post=393"}],"version-history":[{"count":1,"href":"https:\/\/lht.ee\/index.php\/wp-json\/wp\/v2\/pages\/393\/revisions"}],"predecessor-version":[{"id":395,"href":"https:\/\/lht.ee\/index.php\/wp-json\/wp\/v2\/pages\/393\/revisions\/395"}],"wp:attachment":[{"href":"https:\/\/lht.ee\/index.php\/wp-json\/wp\/v2\/media?parent=393"}],"curies":[{"name":"wp","href":"https:\/\/api.w.org\/{rel}","templated":true}]}}