{"id":385,"date":"2020-07-25T08:53:35","date_gmt":"2020-07-25T08:53:35","guid":{"rendered":"https:\/\/lht.ee\/?page_id=385"},"modified":"2020-07-25T08:53:35","modified_gmt":"2020-07-25T08:53:35","slug":"tuulekoda","status":"publish","type":"page","link":"https:\/\/lht.ee\/index.php\/tuulekoda\/","title":{"rendered":"Tuulekoda"},"content":{"rendered":"\n<p>Teostatud t\u00f6\u00f6d:<\/p>\n\n\n\n<ol class=\"wp-block-list\"><li>Puitkarkassi ehitus<\/li><li>Tuulet\u00f5kke ja aluskatte paigaldus<\/li><li>Voodrilaua paigaldus<\/li><li>Roovi ja katusekatte paigaldus<\/li><li>Vihmavee s\u00fcsteem<\/li><\/ol>\n\n\n\n<figure class=\"wp-block-gallery columns-3 is-cropped wp-block-gallery-1 is-layout-flex wp-block-gallery-is-layout-flex\"><ul class=\"blocks-gallery-grid\"><li class=\"blocks-gallery-item\"><figure><img loading=\"lazy\" decoding=\"async\" width=\"1024\" height=\"768\" src=\"https:\/\/lht.ee\/wp-content\/uploads\/2020\/07\/IMG_3191-1-1024x768.jpg\" alt=\"\" data-id=\"386\" data-full-url=\"https:\/\/lht.ee\/wp-content\/uploads\/2020\/07\/IMG_3191-1-scaled.jpg\" data-link=\"https:\/\/lht.ee\/?attachment_id=386\" class=\"wp-image-386\" srcset=\"https:\/\/lht.ee\/wp-content\/uploads\/2020\/07\/IMG_3191-1-1024x768.jpg 1024w, https:\/\/lht.ee\/wp-content\/uploads\/2020\/07\/IMG_3191-1-300x225.jpg 300w, https:\/\/lht.ee\/wp-content\/uploads\/2020\/07\/IMG_3191-1-768x576.jpg 768w, https:\/\/lht.ee\/wp-content\/uploads\/2020\/07\/IMG_3191-1-1536x1152.jpg 1536w, https:\/\/lht.ee\/wp-content\/uploads\/2020\/07\/IMG_3191-1-2048x1536.jpg 2048w\" sizes=\"auto, (max-width: 1024px) 100vw, 1024px\" \/><\/figure><\/li><li class=\"blocks-gallery-item\"><figure><img loading=\"lazy\" decoding=\"async\" width=\"1024\" height=\"768\" src=\"https:\/\/lht.ee\/wp-content\/uploads\/2020\/07\/IMG_3199-1024x768.jpg\" alt=\"\" data-id=\"387\" data-full-url=\"https:\/\/lht.ee\/wp-content\/uploads\/2020\/07\/IMG_3199-scaled.jpg\" data-link=\"https:\/\/lht.ee\/?attachment_id=387\" class=\"wp-image-387\" srcset=\"https:\/\/lht.ee\/wp-content\/uploads\/2020\/07\/IMG_3199-1024x768.jpg 1024w, https:\/\/lht.ee\/wp-content\/uploads\/2020\/07\/IMG_3199-300x225.jpg 300w, https:\/\/lht.ee\/wp-content\/uploads\/2020\/07\/IMG_3199-768x576.jpg 768w, https:\/\/lht.ee\/wp-content\/uploads\/2020\/07\/IMG_3199-1536x1152.jpg 1536w, https:\/\/lht.ee\/wp-content\/uploads\/2020\/07\/IMG_3199-2048x1536.jpg 2048w\" sizes=\"auto, (max-width: 1024px) 100vw, 1024px\" \/><\/figure><\/li><li class=\"blocks-gallery-item\"><figure><img loading=\"lazy\" decoding=\"async\" width=\"768\" height=\"1024\" src=\"https:\/\/lht.ee\/wp-content\/uploads\/2020\/07\/IMG_3201-1-768x1024.jpg\" alt=\"\" data-id=\"388\" data-full-url=\"https:\/\/lht.ee\/wp-content\/uploads\/2020\/07\/IMG_3201-1-scaled.jpg\" data-link=\"https:\/\/lht.ee\/?attachment_id=388\" class=\"wp-image-388\" srcset=\"https:\/\/lht.ee\/wp-content\/uploads\/2020\/07\/IMG_3201-1-768x1024.jpg 768w, https:\/\/lht.ee\/wp-content\/uploads\/2020\/07\/IMG_3201-1-225x300.jpg 225w, https:\/\/lht.ee\/wp-content\/uploads\/2020\/07\/IMG_3201-1-1152x1536.jpg 1152w, https:\/\/lht.ee\/wp-content\/uploads\/2020\/07\/IMG_3201-1-1536x2048.jpg 1536w, https:\/\/lht.ee\/wp-content\/uploads\/2020\/07\/IMG_3201-1-scaled.jpg 1920w\" sizes=\"auto, (max-width: 768px) 100vw, 768px\" \/><\/figure><\/li><li class=\"blocks-gallery-item\"><figure><img decoding=\"async\" src=\"blob:https:\/\/lht.ee\/536302e6-33bd-47d5-b888-d72b5157df40\"\/><\/figure><\/li><\/ul><\/figure>\n","protected":false},"excerpt":{"rendered":"<p>Teostatud t\u00f6\u00f6d: Puitkarkassi ehitus Tuulet\u00f5kke ja aluskatte paigaldus Voodrilaua paigaldus Roovi ja katusekatte paigaldus Vihmavee s\u00fcsteem<\/p>\n","protected":false},"author":1,"featured_media":0,"parent":0,"menu_order":0,"comment_status":"closed","ping_status":"closed","template":"","meta":{"_monsterinsights_skip_tracking":false,"_monsterinsights_sitenote_active":false,"_monsterinsights_sitenote_note":"","_monsterinsights_sitenote_category":0,"ngg_post_thumbnail":0,"footnotes":""},"class_list":["post-385","page","type-page","status-publish","hentry"],"_links":{"self":[{"href":"https:\/\/lht.ee\/index.php\/wp-json\/wp\/v2\/pages\/385","targetHints":{"allow":["GET"]}}],"collection":[{"href":"https:\/\/lht.ee\/index.php\/wp-json\/wp\/v2\/pages"}],"about":[{"href":"https:\/\/lht.ee\/index.php\/wp-json\/wp\/v2\/types\/page"}],"author":[{"embeddable":true,"href":"https:\/\/lht.ee\/index.php\/wp-json\/wp\/v2\/users\/1"}],"replies":[{"embeddable":true,"href":"https:\/\/lht.ee\/index.php\/wp-json\/wp\/v2\/comments?post=385"}],"version-history":[{"count":1,"href":"https:\/\/lht.ee\/index.php\/wp-json\/wp\/v2\/pages\/385\/revisions"}],"predecessor-version":[{"id":390,"href":"https:\/\/lht.ee\/index.php\/wp-json\/wp\/v2\/pages\/385\/revisions\/390"}],"wp:attachment":[{"href":"https:\/\/lht.ee\/index.php\/wp-json\/wp\/v2\/media?parent=385"}],"curies":[{"name":"wp","href":"https:\/\/api.w.org\/{rel}","templated":true}]}}