{"id":364,"date":"2018-12-11T01:25:28","date_gmt":"2018-12-11T01:25:28","guid":{"rendered":"https:\/\/lht.ee\/?page_id=364"},"modified":"2018-12-11T01:26:41","modified_gmt":"2018-12-11T01:26:41","slug":"uldehitustood","status":"publish","type":"page","link":"https:\/\/lht.ee\/index.php\/uldehitustood\/","title":{"rendered":"\u00dcldehitust\u00f6\u00f6d"},"content":{"rendered":"<h4>M\u00fc\u00fcri ja betoonit\u00f6\u00f6d:<\/h4>\n<div class=\"list_icon icon_ticked orange\">\n<ul>\n<li>Vundamentide ehitus,( lint, plaat ja postvundamendid)<\/li>\n<li>Korstnapitside ladumine.<\/li>\n<li>Moodulkorstnad.<\/li>\n<li>Aiapostide ladumine.<\/li>\n<li>Muud m\u00fc\u00fcrit\u00f6\u00f6d.<\/li>\n<li>Betoonp\u00f5randad<\/li>\n<\/ul>\n<h4 style=\"line-height: 1.10526;\"><strong>PUUSSEPAT\u00d6\u00d6D:<\/strong><\/h4>\n<ul>\n<li>Puitkarkassi ehitus.<\/li>\n<li>Elumajad<\/li>\n<li>Garaazid<\/li>\n<li>Varjualused<\/li>\n<li>Puukuurid<\/li>\n<li>Grillmajad<\/li>\n<li>Saunadmajad<\/li>\n<li>Vahelaed<\/li>\n<li>M\u00e4nguv\u00e4ljakud.<\/li>\n<\/ul>\n<h4>Siset\u00f6\u00f6d:<\/h4>\n<div class=\"list_icon icon_ticked orange\">\n<ul>\n<li>Vaheseinte ehitus (puit- ja metallkarkassil kipsseinad ja kergplokkseinad)<\/li>\n<li>Ripplagede ehitus.<\/li>\n<li>Plaatimine.<\/li>\n<li>Vesi ja kanalisatsioon.<\/li>\n<li>Maalrit\u00f6\u00f6d ja tapeetimine.<\/li>\n<li>P\u00f5randad.<\/li>\n<li>Akende ja uste paigaldus.<\/li>\n<li>Soojustust\u00f6\u00f6d.<\/li>\n<li>Viimistlust\u00f6\u00f6d<\/li>\n<\/ul>\n<\/div>\n<\/div>\n","protected":false},"excerpt":{"rendered":"<p>M\u00fc\u00fcri ja betoonit\u00f6\u00f6d: Vundamentide ehitus,( lint, plaat ja postvundamendid) Korstnapitside ladumine. Moodulkorstnad. Aiapostide ladumine. Muud m\u00fc\u00fcrit\u00f6\u00f6d. Betoonp\u00f5randad PUUSSEPAT\u00d6\u00d6D: Puitkarkassi ehitus. Elumajad Garaazid Varjualused Puukuurid Grillmajad Saunadmajad Vahelaed M\u00e4nguv\u00e4ljakud. Siset\u00f6\u00f6d: Vaheseinte ehitus (puit- ja metallkarkassil kipsseinad ja kergplokkseinad) Ripplagede ehitus. Plaatimine. Vesi ja kanalisatsioon. Maalrit\u00f6\u00f6d ja tapeetimine. P\u00f5randad. Akende ja uste paigaldus. Soojustust\u00f6\u00f6d. Viimistlust\u00f6\u00f6d<\/p>\n","protected":false},"author":1,"featured_media":0,"parent":0,"menu_order":0,"comment_status":"closed","ping_status":"closed","template":"","meta":{"_monsterinsights_skip_tracking":false,"_monsterinsights_sitenote_active":false,"_monsterinsights_sitenote_note":"","_monsterinsights_sitenote_category":0,"ngg_post_thumbnail":0,"footnotes":""},"class_list":["post-364","page","type-page","status-publish","hentry"],"_links":{"self":[{"href":"https:\/\/lht.ee\/index.php\/wp-json\/wp\/v2\/pages\/364","targetHints":{"allow":["GET"]}}],"collection":[{"href":"https:\/\/lht.ee\/index.php\/wp-json\/wp\/v2\/pages"}],"about":[{"href":"https:\/\/lht.ee\/index.php\/wp-json\/wp\/v2\/types\/page"}],"author":[{"embeddable":true,"href":"https:\/\/lht.ee\/index.php\/wp-json\/wp\/v2\/users\/1"}],"replies":[{"embeddable":true,"href":"https:\/\/lht.ee\/index.php\/wp-json\/wp\/v2\/comments?post=364"}],"version-history":[{"count":3,"href":"https:\/\/lht.ee\/index.php\/wp-json\/wp\/v2\/pages\/364\/revisions"}],"predecessor-version":[{"id":367,"href":"https:\/\/lht.ee\/index.php\/wp-json\/wp\/v2\/pages\/364\/revisions\/367"}],"wp:attachment":[{"href":"https:\/\/lht.ee\/index.php\/wp-json\/wp\/v2\/media?parent=364"}],"curies":[{"name":"wp","href":"https:\/\/api.w.org\/{rel}","templated":true}]}}