{"id":355,"date":"2018-12-11T00:54:44","date_gmt":"2018-12-11T00:54:44","guid":{"rendered":"https:\/\/lht.ee\/?page_id=355"},"modified":"2018-12-11T01:30:53","modified_gmt":"2018-12-11T01:30:53","slug":"fassaadid","status":"publish","type":"page","link":"https:\/\/lht.ee\/index.php\/fassaadid\/","title":{"rendered":"Fassaadid"},"content":{"rendered":"<p>Fassaadit\u00f6\u00f6d:<\/p>\n<ul>\n<li>Soojustamine<\/li>\n<li>Renoveerimine<\/li>\n<li>V\u00e4rvimine<\/li>\n<\/ul>\n<p>Fassaadikatted:<\/p>\n<ul>\n<li>Puit- (voodrilaud, poola laudis, servamata laudis)<\/li>\n<li>Fassaadiplaat (Tempsi, Kivex jne.)<\/li>\n<li>Marmoroc.<\/li>\n<\/ul>\n<div class=\"list_icon icon_ticked orange\"><\/div>\n","protected":false},"excerpt":{"rendered":"<p>Fassaadit\u00f6\u00f6d: Soojustamine Renoveerimine V\u00e4rvimine Fassaadikatted: Puit- (voodrilaud, poola laudis, servamata laudis) Fassaadiplaat (Tempsi, Kivex jne.) Marmoroc.<\/p>\n","protected":false},"author":1,"featured_media":0,"parent":0,"menu_order":0,"comment_status":"closed","ping_status":"closed","template":"","meta":{"_monsterinsights_skip_tracking":false,"_monsterinsights_sitenote_active":false,"_monsterinsights_sitenote_note":"","_monsterinsights_sitenote_category":0,"ngg_post_thumbnail":0,"footnotes":""},"class_list":["post-355","page","type-page","status-publish","hentry"],"_links":{"self":[{"href":"https:\/\/lht.ee\/index.php\/wp-json\/wp\/v2\/pages\/355","targetHints":{"allow":["GET"]}}],"collection":[{"href":"https:\/\/lht.ee\/index.php\/wp-json\/wp\/v2\/pages"}],"about":[{"href":"https:\/\/lht.ee\/index.php\/wp-json\/wp\/v2\/types\/page"}],"author":[{"embeddable":true,"href":"https:\/\/lht.ee\/index.php\/wp-json\/wp\/v2\/users\/1"}],"replies":[{"embeddable":true,"href":"https:\/\/lht.ee\/index.php\/wp-json\/wp\/v2\/comments?post=355"}],"version-history":[{"count":3,"href":"https:\/\/lht.ee\/index.php\/wp-json\/wp\/v2\/pages\/355\/revisions"}],"predecessor-version":[{"id":369,"href":"https:\/\/lht.ee\/index.php\/wp-json\/wp\/v2\/pages\/355\/revisions\/369"}],"wp:attachment":[{"href":"https:\/\/lht.ee\/index.php\/wp-json\/wp\/v2\/media?parent=355"}],"curies":[{"name":"wp","href":"https:\/\/api.w.org\/{rel}","templated":true}]}}