{"id":350,"date":"2018-12-11T00:40:37","date_gmt":"2018-12-11T00:40:37","guid":{"rendered":"https:\/\/lht.ee\/?page_id=350"},"modified":"2018-12-11T01:27:32","modified_gmt":"2018-12-11T01:27:32","slug":"katused","status":"publish","type":"page","link":"https:\/\/lht.ee\/index.php\/katused\/","title":{"rendered":"Katused"},"content":{"rendered":"<p>&nbsp;<\/p>\n<p><span style=\"color: #000000;\"><strong>Katuset\u00f6\u00f6d:<\/strong><\/span><\/p>\n<ul>\n<li>Fermide paigaldus.<\/li>\n<li>Sarikat\u00f6\u00f6d.<\/li>\n<li>Viil- ja lamelatuste ehitus erinevate katusekatetega-<\/li>\n<li>Kivi, plekk, sindel, SBS, eterniit.<\/li>\n<li>Katuseakende paigaldus.<\/li>\n<li>Katuste soojustamine.<\/li>\n<li>Katuste remont ja v\u00e4rvimine.<\/li>\n<li>Vihmavees\u00fcsteemi paigaldus.<\/li>\n<li>Lumet\u00f5kete paigaldus.<\/li>\n<\/ul>\n","protected":false},"excerpt":{"rendered":"<p>&nbsp; Katuset\u00f6\u00f6d: Fermide paigaldus. Sarikat\u00f6\u00f6d. Viil- ja lamelatuste ehitus erinevate katusekatetega- Kivi, plekk, sindel, SBS, eterniit. Katuseakende paigaldus. Katuste soojustamine. Katuste remont ja v\u00e4rvimine. Vihmavees\u00fcsteemi paigaldus. Lumet\u00f5kete paigaldus.<\/p>\n","protected":false},"author":1,"featured_media":0,"parent":0,"menu_order":0,"comment_status":"closed","ping_status":"closed","template":"","meta":{"_monsterinsights_skip_tracking":false,"_monsterinsights_sitenote_active":false,"_monsterinsights_sitenote_note":"","_monsterinsights_sitenote_category":0,"ngg_post_thumbnail":0,"footnotes":""},"class_list":["post-350","page","type-page","status-publish","hentry"],"_links":{"self":[{"href":"https:\/\/lht.ee\/index.php\/wp-json\/wp\/v2\/pages\/350","targetHints":{"allow":["GET"]}}],"collection":[{"href":"https:\/\/lht.ee\/index.php\/wp-json\/wp\/v2\/pages"}],"about":[{"href":"https:\/\/lht.ee\/index.php\/wp-json\/wp\/v2\/types\/page"}],"author":[{"embeddable":true,"href":"https:\/\/lht.ee\/index.php\/wp-json\/wp\/v2\/users\/1"}],"replies":[{"embeddable":true,"href":"https:\/\/lht.ee\/index.php\/wp-json\/wp\/v2\/comments?post=350"}],"version-history":[{"count":2,"href":"https:\/\/lht.ee\/index.php\/wp-json\/wp\/v2\/pages\/350\/revisions"}],"predecessor-version":[{"id":368,"href":"https:\/\/lht.ee\/index.php\/wp-json\/wp\/v2\/pages\/350\/revisions\/368"}],"wp:attachment":[{"href":"https:\/\/lht.ee\/index.php\/wp-json\/wp\/v2\/media?parent=350"}],"curies":[{"name":"wp","href":"https:\/\/api.w.org\/{rel}","templated":true}]}}