{"id":154,"date":"2018-11-11T21:35:00","date_gmt":"2018-11-11T21:35:00","guid":{"rendered":"https:\/\/lht.ee\/?page_id=154"},"modified":"2018-11-11T21:37:31","modified_gmt":"2018-11-11T21:37:31","slug":"poranda-valu","status":"publish","type":"page","link":"https:\/\/lht.ee\/index.php\/poranda-valu\/","title":{"rendered":"P\u00f5randa valu"},"content":{"rendered":"<p>Tehtud t\u00f6\u00f6d:<br \/>\n1. T\u00e4itmine liivaga, tasandus.<br \/>\n2. Kanalisatsiooni ja vee paigaldus.<br \/>\n3. EPS 100 paigaldus.<br \/>\n4. Armatuuri ja p\u00f5randak\u00fcttetoru paigaldus.<br \/>\n5. Betoonit\u00f6\u00f6d.<br \/>\n<style type=\"text\/css\">\r\n\t#foogallery-gallery-156 .fg-image {\r\n        width: 150px;\r\n    }\r\n<\/style>\r\n\t\t\t\t<div class=\"foogallery foogallery-container foogallery-default foogallery-lightbox-none fg-gutter-10 fg-center fg-default fg-light fg-border-thin fg-shadow-outline fg-loading-default fg-loaded-fade-in fg-caption-hover fg-hover-fade fg-hover-zoom fg-ready\" id=\"foogallery-gallery-156\" data-foogallery=\"{&quot;item&quot;:{&quot;showCaptionTitle&quot;:true,&quot;showCaptionDescription&quot;:true},&quot;lazy&quot;:true}\" >\r\n\t<div class=\"fg-item fg-type-image fg-idle\"><figure class=\"fg-item-inner\"><a href=\"https:\/\/lht.ee\/wp-content\/uploads\/2018\/11\/IMG_2106.jpg\" data-attachment-id=\"157\" data-type=\"image\" class=\"fg-thumb\"><span class=\"fg-image-wrap\"><img decoding=\"async\" width=\"150\" height=\"150\" class=\"skip-lazy fg-image\" data-src-fg=\"https:\/\/lht.ee\/wp-content\/uploads\/cache\/2018\/11\/IMG_2106\/1424335312.jpg\" src=\"data:image\/svg+xml,%3Csvg%20xmlns%3D%22http%3A%2F%2Fwww.w3.org%2F2000%2Fsvg%22%20width%3D%22150%22%20height%3D%22150%22%20viewBox%3D%220%200%20150%20150%22%3E%3C%2Fsvg%3E\" loading=\"eager\"><\/span><span class=\"fg-image-overlay\"><\/span><\/a><figcaption class=\"fg-caption\"><div class=\"fg-caption-inner\"><\/div><\/figcaption><\/figure><div class=\"fg-loader\"><\/div><\/div><div class=\"fg-item fg-type-image fg-idle\"><figure class=\"fg-item-inner\"><a href=\"https:\/\/lht.ee\/wp-content\/uploads\/2018\/11\/IMG_2115.jpg\" data-attachment-id=\"158\" data-type=\"image\" class=\"fg-thumb\"><span class=\"fg-image-wrap\"><img decoding=\"async\" width=\"150\" height=\"150\" class=\"skip-lazy fg-image\" data-src-fg=\"https:\/\/lht.ee\/wp-content\/uploads\/cache\/2018\/11\/IMG_2115\/1759479340.jpg\" src=\"data:image\/svg+xml,%3Csvg%20xmlns%3D%22http%3A%2F%2Fwww.w3.org%2F2000%2Fsvg%22%20width%3D%22150%22%20height%3D%22150%22%20viewBox%3D%220%200%20150%20150%22%3E%3C%2Fsvg%3E\" loading=\"eager\"><\/span><span class=\"fg-image-overlay\"><\/span><\/a><figcaption class=\"fg-caption\"><div class=\"fg-caption-inner\"><\/div><\/figcaption><\/figure><div class=\"fg-loader\"><\/div><\/div><div class=\"fg-item fg-type-image fg-idle\"><figure class=\"fg-item-inner\"><a href=\"https:\/\/lht.ee\/wp-content\/uploads\/2018\/11\/IMG_2123-1.jpg\" data-attachment-id=\"159\" data-type=\"image\" class=\"fg-thumb\"><span class=\"fg-image-wrap\"><img decoding=\"async\" width=\"150\" height=\"150\" class=\"skip-lazy fg-image\" data-src-fg=\"https:\/\/lht.ee\/wp-content\/uploads\/cache\/2018\/11\/IMG_2123-1\/456106280.jpg\" src=\"data:image\/svg+xml,%3Csvg%20xmlns%3D%22http%3A%2F%2Fwww.w3.org%2F2000%2Fsvg%22%20width%3D%22150%22%20height%3D%22150%22%20viewBox%3D%220%200%20150%20150%22%3E%3C%2Fsvg%3E\" loading=\"eager\"><\/span><span class=\"fg-image-overlay\"><\/span><\/a><figcaption class=\"fg-caption\"><div class=\"fg-caption-inner\"><\/div><\/figcaption><\/figure><div class=\"fg-loader\"><\/div><\/div><\/div>\r\n<\/p>\n","protected":false},"excerpt":{"rendered":"<p>Tehtud t\u00f6\u00f6d: 1. T\u00e4itmine liivaga, tasandus. 2. Kanalisatsiooni ja vee paigaldus. 3. EPS 100 paigaldus. 4. Armatuuri ja p\u00f5randak\u00fcttetoru paigaldus. 5. Betoonit\u00f6\u00f6d.<\/p>\n","protected":false},"author":1,"featured_media":0,"parent":0,"menu_order":0,"comment_status":"closed","ping_status":"closed","template":"","meta":{"_monsterinsights_skip_tracking":false,"_monsterinsights_sitenote_active":false,"_monsterinsights_sitenote_note":"","_monsterinsights_sitenote_category":0,"ngg_post_thumbnail":0,"footnotes":""},"class_list":["post-154","page","type-page","status-publish","hentry"],"_links":{"self":[{"href":"https:\/\/lht.ee\/index.php\/wp-json\/wp\/v2\/pages\/154","targetHints":{"allow":["GET"]}}],"collection":[{"href":"https:\/\/lht.ee\/index.php\/wp-json\/wp\/v2\/pages"}],"about":[{"href":"https:\/\/lht.ee\/index.php\/wp-json\/wp\/v2\/types\/page"}],"author":[{"embeddable":true,"href":"https:\/\/lht.ee\/index.php\/wp-json\/wp\/v2\/users\/1"}],"replies":[{"embeddable":true,"href":"https:\/\/lht.ee\/index.php\/wp-json\/wp\/v2\/comments?post=154"}],"version-history":[{"count":2,"href":"https:\/\/lht.ee\/index.php\/wp-json\/wp\/v2\/pages\/154\/revisions"}],"predecessor-version":[{"id":160,"href":"https:\/\/lht.ee\/index.php\/wp-json\/wp\/v2\/pages\/154\/revisions\/160"}],"wp:attachment":[{"href":"https:\/\/lht.ee\/index.php\/wp-json\/wp\/v2\/media?parent=154"}],"curies":[{"name":"wp","href":"https:\/\/api.w.org\/{rel}","templated":true}]}}