{"id":10,"date":"2018-11-04T21:59:50","date_gmt":"2018-11-04T21:59:50","guid":{"rendered":"https:\/\/lht.ee\/?page_id=10"},"modified":"2018-12-11T01:10:16","modified_gmt":"2018-12-11T01:10:16","slug":"teenused","status":"publish","type":"page","link":"https:\/\/lht.ee\/index.php\/teenused\/","title":{"rendered":"Teenused"},"content":{"rendered":"<ul>\n<li><a href=\"https:\/\/lht.ee\/index.php\/katused\/\">KATUSET\u00d6\u00d6D<\/a><\/li>\n<li><a href=\"https:\/\/lht.ee\/index.php\/fassaadid\/\">FASSAADID<\/a><\/li>\n<li><a href=\"https:\/\/lht.ee\/index.php\/uldehitustood\/\">\u00dcLDEHITUST\u00d6\u00d6D<\/a><\/li>\n<\/ul>\n","protected":false},"excerpt":{"rendered":"<p>KATUSET\u00d6\u00d6D FASSAADID \u00dcLDEHITUST\u00d6\u00d6D<\/p>\n","protected":false},"author":1,"featured_media":0,"parent":0,"menu_order":0,"comment_status":"closed","ping_status":"closed","template":"","meta":{"_monsterinsights_skip_tracking":false,"_monsterinsights_sitenote_active":false,"_monsterinsights_sitenote_note":"","_monsterinsights_sitenote_category":0,"ngg_post_thumbnail":0,"footnotes":""},"class_list":["post-10","page","type-page","status-publish","hentry"],"_links":{"self":[{"href":"https:\/\/lht.ee\/index.php\/wp-json\/wp\/v2\/pages\/10","targetHints":{"allow":["GET"]}}],"collection":[{"href":"https:\/\/lht.ee\/index.php\/wp-json\/wp\/v2\/pages"}],"about":[{"href":"https:\/\/lht.ee\/index.php\/wp-json\/wp\/v2\/types\/page"}],"author":[{"embeddable":true,"href":"https:\/\/lht.ee\/index.php\/wp-json\/wp\/v2\/users\/1"}],"replies":[{"embeddable":true,"href":"https:\/\/lht.ee\/index.php\/wp-json\/wp\/v2\/comments?post=10"}],"version-history":[{"count":5,"href":"https:\/\/lht.ee\/index.php\/wp-json\/wp\/v2\/pages\/10\/revisions"}],"predecessor-version":[{"id":363,"href":"https:\/\/lht.ee\/index.php\/wp-json\/wp\/v2\/pages\/10\/revisions\/363"}],"wp:attachment":[{"href":"https:\/\/lht.ee\/index.php\/wp-json\/wp\/v2\/media?parent=10"}],"curies":[{"name":"wp","href":"https:\/\/api.w.org\/{rel}","templated":true}]}}